{"id":1693,"date":"2024-02-09T09:40:24","date_gmt":"2024-02-09T12:40:24","guid":{"rendered":"https:\/\/www.sum.net.br\/site\/?page_id=1693"},"modified":"2024-02-15T15:10:33","modified_gmt":"2024-02-15T18:10:33","slug":"reducao-de-custos-conheca-o-tef","status":"publish","type":"page","link":"https:\/\/www.sum.net.br\/site\/reducao-de-custos-conheca-o-tef\/","title":{"rendered":"Redu\u00e7\u00e3o de custos: conhe\u00e7a o TEF"},"content":{"rendered":"\n<div class=\"wp-block-cover is-light\" style=\"min-height:165px;aspect-ratio:unset;\"><span aria-hidden=\"true\" class=\"wp-block-cover__gradient-background has-background-dim\"><\/span><img fetchpriority=\"high\" decoding=\"async\" width=\"740\" height=\"494\" class=\"wp-block-cover__image-background wp-image-1696\" alt=\"\" src=\"https:\/\/www.sum.net.br\/site\/wp-content\/uploads\/2024\/02\/um-doller-contas-em-um-carteira_53876-40308.jpg\" data-object-fit=\"cover\" srcset=\"https:\/\/www.sum.net.br\/site\/wp-content\/uploads\/2024\/02\/um-doller-contas-em-um-carteira_53876-40308.jpg 740w, https:\/\/www.sum.net.br\/site\/wp-content\/uploads\/2024\/02\/um-doller-contas-em-um-carteira_53876-40308-300x200.jpg 300w\" sizes=\"(max-width: 740px) 100vw, 740px\" \/><div class=\"wp-block-cover__inner-container is-layout-flow wp-block-cover-is-layout-flow\">\n<p class=\"has-text-align-center has-white-color has-text-color has-x-large-font-size\"><strong><em>CONHE\u00c7A O TEF<\/em><\/strong><\/p>\n<\/div><\/div>\n\n\n\n<p>TEF (Transfer\u00eancia Eletr\u00f4nica de Fundos)<\/p>\n\n\n\n<h2 class=\"wp-block-heading\" style=\"font-style:normal;font-weight:700\">REDU\u00c7\u00c3O DE CUSTOS<\/h2>\n\n\n\n<ul class=\"wp-block-list\"><li>PIX sem custo.<\/li><li>Taxas atrativas.<\/li><\/ul>\n\n\n\n<h2 class=\"wp-block-heading\" style=\"font-style:normal;font-weight:700\">AGILIDADE E SEGURAN\u00c7A <\/h2>\n\n\n\n<ul class=\"wp-block-list\"><li>Venda r\u00e1pida e segura.<\/li><li>Tecnologia com protocolo de seguran\u00e7a.<\/li><li>O TEF identifica a bandeira do cart\u00e3o.<\/li><\/ul>\n\n\n\n<h2 class=\"wp-block-heading\" style=\"font-style:normal;font-weight:700\">GEST\u00c3O DE RECEB\u00cdVEIS<\/h2>\n\n\n\n<ul class=\"wp-block-list\"><li>Acompanhe e monitore seu faturamento.<\/li><\/ul>\n\n\n\n<div class=\"wp-block-buttons is-content-justification-center is-layout-flex wp-container-core-buttons-is-layout-a89b3969 wp-block-buttons-is-layout-flex\">\n<div class=\"wp-block-button alignleft has-custom-width wp-block-button__width-50 has-custom-font-size is-style-fill has-medium-font-size\"><a class=\"wp-block-button__link has-background\" href=\"https:\/\/www.sum.net.br\/site\/sum-software-3\/\" style=\"border-radius:100px;background-color:#277aaa\" target=\"_blank\" rel=\"noreferrer noopener\">LEIA MAIS<\/a><\/div>\n<\/div>\n","protected":false},"excerpt":{"rendered":"<p>TEF (Transfer\u00eancia Eletr\u00f4nica de Fundos) REDU\u00c7\u00c3O DE CUSTOS PIX sem custo. Taxas atrativas. AGILIDADE E SEGURAN\u00c7A Venda r\u00e1pida e segura. Tecnologia com protocolo de seguran\u00e7a. O TEF identifica a bandeira do cart\u00e3o. GEST\u00c3O DE RECEB\u00cdVEIS Acompanhe e monitore seu faturamento.<\/p>\n","protected":false},"author":1,"featured_media":0,"parent":0,"menu_order":0,"comment_status":"closed","ping_status":"closed","template":"","meta":{"jetpack_post_was_ever_published":false,"footnotes":""},"class_list":["post-1693","page","type-page","status-publish","hentry"],"yoast_head":"<!-- This site is optimized with the Yoast SEO plugin v27.2 - https:\/\/yoast.com\/product\/yoast-seo-wordpress\/ -->\n<title>Redu\u00e7\u00e3o de custos: conhe\u00e7a o TEF - Sum Software<\/title>\n<meta name=\"robots\" content=\"index, follow, max-snippet:-1, max-image-preview:large, max-video-preview:-1\" \/>\n<link rel=\"canonical\" href=\"https:\/\/www.sum.net.br\/site\/reducao-de-custos-conheca-o-tef\/\" \/>\n<meta property=\"og:locale\" content=\"pt_BR\" \/>\n<meta property=\"og:type\" content=\"article\" \/>\n<meta property=\"og:title\" content=\"Redu\u00e7\u00e3o de custos: conhe\u00e7a o TEF - Sum Software\" \/>\n<meta property=\"og:description\" content=\"TEF (Transfer\u00eancia Eletr\u00f4nica de Fundos) REDU\u00c7\u00c3O DE CUSTOS PIX sem custo. Taxas atrativas. AGILIDADE E SEGURAN\u00c7A Venda r\u00e1pida e segura. Tecnologia com protocolo de seguran\u00e7a. O TEF identifica a bandeira do cart\u00e3o. GEST\u00c3O DE RECEB\u00cdVEIS Acompanhe e monitore seu faturamento.\" \/>\n<meta property=\"og:url\" content=\"https:\/\/www.sum.net.br\/site\/reducao-de-custos-conheca-o-tef\/\" \/>\n<meta property=\"og:site_name\" content=\"Sum Software\" \/>\n<meta property=\"article:publisher\" content=\"https:\/\/www.facebook.com\/sumsoftware\/\" \/>\n<meta property=\"article:modified_time\" content=\"2024-02-15T18:10:33+00:00\" \/>\n<meta property=\"og:image\" content=\"https:\/\/www.sum.net.br\/site\/wp-content\/uploads\/2024\/02\/um-doller-contas-em-um-carteira_53876-40308.jpg\" \/>\n<meta name=\"twitter:card\" content=\"summary_large_image\" \/>\n<meta name=\"twitter:label1\" content=\"Est. tempo de leitura\" \/>\n\t<meta name=\"twitter:data1\" content=\"1 minuto\" \/>\n<script type=\"application\/ld+json\" class=\"yoast-schema-graph\">{\"@context\":\"https:\/\/schema.org\",\"@graph\":[{\"@type\":\"WebPage\",\"@id\":\"https:\/\/www.sum.net.br\/site\/reducao-de-custos-conheca-o-tef\/\",\"url\":\"https:\/\/www.sum.net.br\/site\/reducao-de-custos-conheca-o-tef\/\",\"name\":\"Redu\u00e7\u00e3o de custos: conhe\u00e7a o TEF - Sum Software\",\"isPartOf\":{\"@id\":\"https:\/\/www.sum.net.br\/site\/#website\"},\"primaryImageOfPage\":{\"@id\":\"https:\/\/www.sum.net.br\/site\/reducao-de-custos-conheca-o-tef\/#primaryimage\"},\"image\":{\"@id\":\"https:\/\/www.sum.net.br\/site\/reducao-de-custos-conheca-o-tef\/#primaryimage\"},\"thumbnailUrl\":\"https:\/\/www.sum.net.br\/site\/wp-content\/uploads\/2024\/02\/um-doller-contas-em-um-carteira_53876-40308.jpg\",\"datePublished\":\"2024-02-09T12:40:24+00:00\",\"dateModified\":\"2024-02-15T18:10:33+00:00\",\"breadcrumb\":{\"@id\":\"https:\/\/www.sum.net.br\/site\/reducao-de-custos-conheca-o-tef\/#breadcrumb\"},\"inLanguage\":\"pt-BR\",\"potentialAction\":[{\"@type\":\"ReadAction\",\"target\":[\"https:\/\/www.sum.net.br\/site\/reducao-de-custos-conheca-o-tef\/\"]}]},{\"@type\":\"ImageObject\",\"inLanguage\":\"pt-BR\",\"@id\":\"https:\/\/www.sum.net.br\/site\/reducao-de-custos-conheca-o-tef\/#primaryimage\",\"url\":\"https:\/\/www.sum.net.br\/site\/wp-content\/uploads\/2024\/02\/um-doller-contas-em-um-carteira_53876-40308.jpg\",\"contentUrl\":\"https:\/\/www.sum.net.br\/site\/wp-content\/uploads\/2024\/02\/um-doller-contas-em-um-carteira_53876-40308.jpg\",\"width\":740,\"height\":494},{\"@type\":\"BreadcrumbList\",\"@id\":\"https:\/\/www.sum.net.br\/site\/reducao-de-custos-conheca-o-tef\/#breadcrumb\",\"itemListElement\":[{\"@type\":\"ListItem\",\"position\":1,\"name\":\"In\u00edcio\",\"item\":\"https:\/\/www.sum.net.br\/site\/\"},{\"@type\":\"ListItem\",\"position\":2,\"name\":\"Redu\u00e7\u00e3o de custos: conhe\u00e7a o TEF\"}]},{\"@type\":\"WebSite\",\"@id\":\"https:\/\/www.sum.net.br\/site\/#website\",\"url\":\"https:\/\/www.sum.net.br\/site\/\",\"name\":\"Sum Software\",\"description\":\"Empresa de Automa\u00e7\u00e3o Comercial\",\"publisher\":{\"@id\":\"https:\/\/www.sum.net.br\/site\/#organization\"},\"potentialAction\":[{\"@type\":\"SearchAction\",\"target\":{\"@type\":\"EntryPoint\",\"urlTemplate\":\"https:\/\/www.sum.net.br\/site\/?s={search_term_string}\"},\"query-input\":{\"@type\":\"PropertyValueSpecification\",\"valueRequired\":true,\"valueName\":\"search_term_string\"}}],\"inLanguage\":\"pt-BR\"},{\"@type\":\"Organization\",\"@id\":\"https:\/\/www.sum.net.br\/site\/#organization\",\"name\":\"Sum Software\",\"url\":\"https:\/\/www.sum.net.br\/site\/\",\"logo\":{\"@type\":\"ImageObject\",\"inLanguage\":\"pt-BR\",\"@id\":\"https:\/\/www.sum.net.br\/site\/#\/schema\/logo\/image\/\",\"url\":\"\",\"contentUrl\":\"\",\"caption\":\"Sum Software\"},\"image\":{\"@id\":\"https:\/\/www.sum.net.br\/site\/#\/schema\/logo\/image\/\"},\"sameAs\":[\"https:\/\/www.facebook.com\/sumsoftware\/\",\"https:\/\/www.instagram.com\/sumsoftware\/\"]}]}<\/script>\n<!-- \/ Yoast SEO plugin. -->","yoast_head_json":{"title":"Redu\u00e7\u00e3o de custos: conhe\u00e7a o TEF - Sum Software","robots":{"index":"index","follow":"follow","max-snippet":"max-snippet:-1","max-image-preview":"max-image-preview:large","max-video-preview":"max-video-preview:-1"},"canonical":"https:\/\/www.sum.net.br\/site\/reducao-de-custos-conheca-o-tef\/","og_locale":"pt_BR","og_type":"article","og_title":"Redu\u00e7\u00e3o de custos: conhe\u00e7a o TEF - Sum Software","og_description":"TEF (Transfer\u00eancia Eletr\u00f4nica de Fundos) REDU\u00c7\u00c3O DE CUSTOS PIX sem custo. Taxas atrativas. AGILIDADE E SEGURAN\u00c7A Venda r\u00e1pida e segura. Tecnologia com protocolo de seguran\u00e7a. O TEF identifica a bandeira do cart\u00e3o. GEST\u00c3O DE RECEB\u00cdVEIS Acompanhe e monitore seu faturamento.","og_url":"https:\/\/www.sum.net.br\/site\/reducao-de-custos-conheca-o-tef\/","og_site_name":"Sum Software","article_publisher":"https:\/\/www.facebook.com\/sumsoftware\/","article_modified_time":"2024-02-15T18:10:33+00:00","og_image":[{"url":"https:\/\/www.sum.net.br\/site\/wp-content\/uploads\/2024\/02\/um-doller-contas-em-um-carteira_53876-40308.jpg","type":"","width":"","height":""}],"twitter_card":"summary_large_image","twitter_misc":{"Est. tempo de leitura":"1 minuto"},"schema":{"@context":"https:\/\/schema.org","@graph":[{"@type":"WebPage","@id":"https:\/\/www.sum.net.br\/site\/reducao-de-custos-conheca-o-tef\/","url":"https:\/\/www.sum.net.br\/site\/reducao-de-custos-conheca-o-tef\/","name":"Redu\u00e7\u00e3o de custos: conhe\u00e7a o TEF - Sum Software","isPartOf":{"@id":"https:\/\/www.sum.net.br\/site\/#website"},"primaryImageOfPage":{"@id":"https:\/\/www.sum.net.br\/site\/reducao-de-custos-conheca-o-tef\/#primaryimage"},"image":{"@id":"https:\/\/www.sum.net.br\/site\/reducao-de-custos-conheca-o-tef\/#primaryimage"},"thumbnailUrl":"https:\/\/www.sum.net.br\/site\/wp-content\/uploads\/2024\/02\/um-doller-contas-em-um-carteira_53876-40308.jpg","datePublished":"2024-02-09T12:40:24+00:00","dateModified":"2024-02-15T18:10:33+00:00","breadcrumb":{"@id":"https:\/\/www.sum.net.br\/site\/reducao-de-custos-conheca-o-tef\/#breadcrumb"},"inLanguage":"pt-BR","potentialAction":[{"@type":"ReadAction","target":["https:\/\/www.sum.net.br\/site\/reducao-de-custos-conheca-o-tef\/"]}]},{"@type":"ImageObject","inLanguage":"pt-BR","@id":"https:\/\/www.sum.net.br\/site\/reducao-de-custos-conheca-o-tef\/#primaryimage","url":"https:\/\/www.sum.net.br\/site\/wp-content\/uploads\/2024\/02\/um-doller-contas-em-um-carteira_53876-40308.jpg","contentUrl":"https:\/\/www.sum.net.br\/site\/wp-content\/uploads\/2024\/02\/um-doller-contas-em-um-carteira_53876-40308.jpg","width":740,"height":494},{"@type":"BreadcrumbList","@id":"https:\/\/www.sum.net.br\/site\/reducao-de-custos-conheca-o-tef\/#breadcrumb","itemListElement":[{"@type":"ListItem","position":1,"name":"In\u00edcio","item":"https:\/\/www.sum.net.br\/site\/"},{"@type":"ListItem","position":2,"name":"Redu\u00e7\u00e3o de custos: conhe\u00e7a o TEF"}]},{"@type":"WebSite","@id":"https:\/\/www.sum.net.br\/site\/#website","url":"https:\/\/www.sum.net.br\/site\/","name":"Sum Software","description":"Empresa de Automa\u00e7\u00e3o Comercial","publisher":{"@id":"https:\/\/www.sum.net.br\/site\/#organization"},"potentialAction":[{"@type":"SearchAction","target":{"@type":"EntryPoint","urlTemplate":"https:\/\/www.sum.net.br\/site\/?s={search_term_string}"},"query-input":{"@type":"PropertyValueSpecification","valueRequired":true,"valueName":"search_term_string"}}],"inLanguage":"pt-BR"},{"@type":"Organization","@id":"https:\/\/www.sum.net.br\/site\/#organization","name":"Sum Software","url":"https:\/\/www.sum.net.br\/site\/","logo":{"@type":"ImageObject","inLanguage":"pt-BR","@id":"https:\/\/www.sum.net.br\/site\/#\/schema\/logo\/image\/","url":"","contentUrl":"","caption":"Sum Software"},"image":{"@id":"https:\/\/www.sum.net.br\/site\/#\/schema\/logo\/image\/"},"sameAs":["https:\/\/www.facebook.com\/sumsoftware\/","https:\/\/www.instagram.com\/sumsoftware\/"]}]}},"jetpack_sharing_enabled":true,"jetpack_shortlink":"https:\/\/wp.me\/P9WA00-rj","_links":{"self":[{"href":"https:\/\/www.sum.net.br\/site\/wp-json\/wp\/v2\/pages\/1693","targetHints":{"allow":["GET"]}}],"collection":[{"href":"https:\/\/www.sum.net.br\/site\/wp-json\/wp\/v2\/pages"}],"about":[{"href":"https:\/\/www.sum.net.br\/site\/wp-json\/wp\/v2\/types\/page"}],"author":[{"embeddable":true,"href":"https:\/\/www.sum.net.br\/site\/wp-json\/wp\/v2\/users\/1"}],"replies":[{"embeddable":true,"href":"https:\/\/www.sum.net.br\/site\/wp-json\/wp\/v2\/comments?post=1693"}],"version-history":[{"count":7,"href":"https:\/\/www.sum.net.br\/site\/wp-json\/wp\/v2\/pages\/1693\/revisions"}],"predecessor-version":[{"id":1870,"href":"https:\/\/www.sum.net.br\/site\/wp-json\/wp\/v2\/pages\/1693\/revisions\/1870"}],"wp:attachment":[{"href":"https:\/\/www.sum.net.br\/site\/wp-json\/wp\/v2\/media?parent=1693"}],"curies":[{"name":"wp","href":"https:\/\/api.w.org\/{rel}","templated":true}]}}