{"id":2361,"date":"2024-02-28T10:48:20","date_gmt":"2024-02-28T13:48:20","guid":{"rendered":"https:\/\/www.sum.net.br\/site\/?page_id=2361"},"modified":"2024-02-28T10:54:25","modified_gmt":"2024-02-28T13:54:25","slug":"parabens","status":"publish","type":"page","link":"https:\/\/www.sum.net.br\/site\/parabens\/","title":{"rendered":"PARAB\u00c9NS"},"content":{"rendered":"\t\t<div data-elementor-type=\"wp-page\" data-elementor-id=\"2361\" class=\"elementor elementor-2361\">\n\t\t\t\t\t\t<section class=\"elementor-section elementor-top-section elementor-element elementor-element-36dd3db elementor-section-boxed elementor-section-height-default elementor-section-height-default\" data-id=\"36dd3db\" data-element_type=\"section\">\n\t\t\t\t\t\t<div class=\"elementor-container elementor-column-gap-default\">\n\t\t\t\t\t<div class=\"elementor-column elementor-col-66 elementor-top-column elementor-element elementor-element-d8ad220\" data-id=\"d8ad220\" data-element_type=\"column\" data-settings=\"{&quot;background_background&quot;:&quot;classic&quot;}\">\n\t\t\t<div class=\"elementor-widget-wrap elementor-element-populated\">\n\t\t\t\t\t\t<div class=\"elementor-element elementor-element-9eee09c elementor-widget elementor-widget-heading\" data-id=\"9eee09c\" data-element_type=\"widget\" data-widget_type=\"heading.default\">\n\t\t\t\t<div class=\"elementor-widget-container\">\n\t\t\t\t\t<h2 class=\"elementor-heading-title elementor-size-default\">Parab\u00e9ns, cliente<\/h2>\t\t\t\t<\/div>\n\t\t\t\t<\/div>\n\t\t\t\t<div class=\"elementor-element elementor-element-bd2b8d2 elementor-widget elementor-widget-text-editor\" data-id=\"bd2b8d2\" data-element_type=\"widget\" data-widget_type=\"text-editor.default\">\n\t\t\t\t<div class=\"elementor-widget-container\">\n\t\t\t\t\t\t\t\t\t<p>Voc\u00ea deu o primeiro passo para garantir o sucesso do seu neg\u00f3cio! .<\/p>\t\t\t\t\t\t\t\t<\/div>\n\t\t\t\t<\/div>\n\t\t\t\t\t<\/div>\n\t\t<\/div>\n\t\t\t\t<div class=\"elementor-column elementor-col-33 elementor-top-column elementor-element elementor-element-41cf095\" data-id=\"41cf095\" data-element_type=\"column\">\n\t\t\t<div class=\"elementor-widget-wrap elementor-element-populated\">\n\t\t\t\t\t\t<div class=\"elementor-element elementor-element-4fb7677 elementor-widget elementor-widget-image\" data-id=\"4fb7677\" data-element_type=\"widget\" data-widget_type=\"image.default\">\n\t\t\t\t<div class=\"elementor-widget-container\">\n\t\t\t\t\t\t\t\t\t\t\t\t\t\t\t<img fetchpriority=\"high\" decoding=\"async\" width=\"819\" height=\"1024\" src=\"https:\/\/www.sum.net.br\/site\/wp-content\/uploads\/2024\/02\/avatar-819x1024.png\" class=\"attachment-large size-large wp-image-2354\" alt=\"\" srcset=\"https:\/\/www.sum.net.br\/site\/wp-content\/uploads\/2024\/02\/avatar-819x1024.png 819w, https:\/\/www.sum.net.br\/site\/wp-content\/uploads\/2024\/02\/avatar-240x300.png 240w, https:\/\/www.sum.net.br\/site\/wp-content\/uploads\/2024\/02\/avatar-768x960.png 768w, https:\/\/www.sum.net.br\/site\/wp-content\/uploads\/2024\/02\/avatar.png 1080w\" sizes=\"(max-width: 819px) 100vw, 819px\" \/>\t\t\t\t\t\t\t\t\t\t\t\t\t\t\t<\/div>\n\t\t\t\t<\/div>\n\t\t\t\t\t<\/div>\n\t\t<\/div>\n\t\t\t\t\t<\/div>\n\t\t<\/section>\n\t\t\t\t<section class=\"elementor-section elementor-top-section elementor-element elementor-element-a4583f2 elementor-section-boxed elementor-section-height-default elementor-section-height-default\" data-id=\"a4583f2\" data-element_type=\"section\">\n\t\t\t\t\t\t<div class=\"elementor-container elementor-column-gap-default\">\n\t\t\t\t\t<div class=\"elementor-column elementor-col-33 elementor-top-column elementor-element elementor-element-9777a93\" data-id=\"9777a93\" data-element_type=\"column\">\n\t\t\t<div class=\"elementor-widget-wrap elementor-element-populated\">\n\t\t\t\t\t\t<div class=\"elementor-element elementor-element-891bb1e elementor-widget elementor-widget-image\" data-id=\"891bb1e\" data-element_type=\"widget\" data-widget_type=\"image.default\">\n\t\t\t\t<div class=\"elementor-widget-container\">\n\t\t\t\t\t\t\t\t\t\t\t\t\t\t\t<img decoding=\"async\" width=\"819\" height=\"1024\" src=\"https:\/\/www.sum.net.br\/site\/wp-content\/uploads\/2024\/02\/Design-sem-nome-18-819x1024.png\" class=\"attachment-large size-large wp-image-2364\" alt=\"\" srcset=\"https:\/\/www.sum.net.br\/site\/wp-content\/uploads\/2024\/02\/Design-sem-nome-18-819x1024.png 819w, https:\/\/www.sum.net.br\/site\/wp-content\/uploads\/2024\/02\/Design-sem-nome-18-240x300.png 240w, https:\/\/www.sum.net.br\/site\/wp-content\/uploads\/2024\/02\/Design-sem-nome-18-768x960.png 768w, https:\/\/www.sum.net.br\/site\/wp-content\/uploads\/2024\/02\/Design-sem-nome-18.png 1080w\" sizes=\"(max-width: 819px) 100vw, 819px\" \/>\t\t\t\t\t\t\t\t\t\t\t\t\t\t\t<\/div>\n\t\t\t\t<\/div>\n\t\t\t\t\t<\/div>\n\t\t<\/div>\n\t\t\t\t<div class=\"elementor-column elementor-col-66 elementor-top-column elementor-element elementor-element-2acf523\" data-id=\"2acf523\" data-element_type=\"column\">\n\t\t\t<div class=\"elementor-widget-wrap elementor-element-populated\">\n\t\t\t\t\t\t<div class=\"elementor-element elementor-element-2c86ba2 elementor-widget elementor-widget-text-editor\" data-id=\"2c86ba2\" data-element_type=\"widget\" data-widget_type=\"text-editor.default\">\n\t\t\t\t<div class=\"elementor-widget-container\">\n\t\t\t\t\t\t\t\t\t<p>\u00a0\u00c9 com grande entusiasmo que escrevemos para parabeniz\u00e1-lo por sua recente conquista: a implementa\u00e7\u00e3o\u00a0 do [Nome do Novo Sistema] em sua empresa!<\/p>\t\t\t\t\t\t\t\t<\/div>\n\t\t\t\t<\/div>\n\t\t\t\t\t<\/div>\n\t\t<\/div>\n\t\t\t\t\t<\/div>\n\t\t<\/section>\n\t\t\t\t<section class=\"elementor-section elementor-top-section elementor-element elementor-element-2a3d38b elementor-section-boxed elementor-section-height-default elementor-section-height-default\" data-id=\"2a3d38b\" data-element_type=\"section\">\n\t\t\t\t\t\t<div class=\"elementor-container elementor-column-gap-default\">\n\t\t\t\t\t<div class=\"elementor-column elementor-col-100 elementor-top-column elementor-element elementor-element-6ed9b06\" data-id=\"6ed9b06\" data-element_type=\"column\">\n\t\t\t<div class=\"elementor-widget-wrap elementor-element-populated\">\n\t\t\t\t\t\t<div class=\"elementor-element elementor-element-8830b90 elementor-widget elementor-widget-text-editor\" data-id=\"8830b90\" data-element_type=\"widget\" data-widget_type=\"text-editor.default\">\n\t\t\t\t<div class=\"elementor-widget-container\">\n\t\t\t\t\t\t\t\t\t<p>A Sum Software foi projetada para oferecer solu\u00e7\u00f5es inteligentes e inovadoras, capacitando sua empresa a atingir novos patamares de produtividade e efici\u00eancia. Acreditamos que essa parceria ir\u00e1 transformar a maneira como voc\u00ea gerencia suas opera\u00e7\u00f5es di\u00e1rias.<\/p>\t\t\t\t\t\t\t\t<\/div>\n\t\t\t\t<\/div>\n\t\t\t\t\t<\/div>\n\t\t<\/div>\n\t\t\t\t\t<\/div>\n\t\t<\/section>\n\t\t\t\t<section class=\"elementor-section elementor-top-section elementor-element elementor-element-3b60f20 elementor-section-boxed elementor-section-height-default elementor-section-height-default\" data-id=\"3b60f20\" data-element_type=\"section\">\n\t\t\t\t\t\t<div class=\"elementor-container elementor-column-gap-default\">\n\t\t\t\t\t<div class=\"elementor-column elementor-col-100 elementor-top-column elementor-element elementor-element-ef7286c\" data-id=\"ef7286c\" data-element_type=\"column\">\n\t\t\t<div class=\"elementor-widget-wrap elementor-element-populated\">\n\t\t\t\t\t\t<div class=\"elementor-element elementor-element-de099eb elementor-widget elementor-widget-text-editor\" data-id=\"de099eb\" data-element_type=\"widget\" data-widget_type=\"text-editor.default\">\n\t\t\t\t<div class=\"elementor-widget-container\">\n\t\t\t\t\t\t\t\t\t<p>Estamos comprometidos em fornecer suporte cont\u00ednuo e aprimoramentos para garantir que voc\u00ea obtenha o m\u00e1ximo valor dos nossos servi\u00e7os.<\/p>\t\t\t\t\t\t\t\t<\/div>\n\t\t\t\t<\/div>\n\t\t\t\t\t<\/div>\n\t\t<\/div>\n\t\t\t\t\t<\/div>\n\t\t<\/section>\n\t\t\t\t<section class=\"elementor-section elementor-top-section elementor-element elementor-element-d3363e0 elementor-section-boxed elementor-section-height-default elementor-section-height-default\" data-id=\"d3363e0\" data-element_type=\"section\">\n\t\t\t\t\t\t<div class=\"elementor-container elementor-column-gap-default\">\n\t\t\t\t\t<div class=\"elementor-column elementor-col-100 elementor-top-column elementor-element elementor-element-5b5a72b\" data-id=\"5b5a72b\" data-element_type=\"column\">\n\t\t\t<div class=\"elementor-widget-wrap elementor-element-populated\">\n\t\t\t\t\t\t<div class=\"elementor-element elementor-element-ae5ffe5 elementor-widget elementor-widget-image\" data-id=\"ae5ffe5\" data-element_type=\"widget\" data-widget_type=\"image.default\">\n\t\t\t\t<div class=\"elementor-widget-container\">\n\t\t\t\t\t\t\t\t\t\t\t\t\t\t\t<img decoding=\"async\" width=\"700\" height=\"250\" src=\"https:\/\/www.sum.net.br\/site\/wp-content\/uploads\/2024\/02\/Sem-nome-700-x-250-px.png\" class=\"attachment-large size-large wp-image-2365\" alt=\"\" srcset=\"https:\/\/www.sum.net.br\/site\/wp-content\/uploads\/2024\/02\/Sem-nome-700-x-250-px.png 700w, https:\/\/www.sum.net.br\/site\/wp-content\/uploads\/2024\/02\/Sem-nome-700-x-250-px-300x107.png 300w\" sizes=\"(max-width: 700px) 100vw, 700px\" \/>\t\t\t\t\t\t\t\t\t\t\t\t\t\t\t<\/div>\n\t\t\t\t<\/div>\n\t\t\t\t\t<\/div>\n\t\t<\/div>\n\t\t\t\t\t<\/div>\n\t\t<\/section>\n\t\t\t\t<section class=\"elementor-section elementor-top-section elementor-element elementor-element-331cfeb elementor-section-boxed elementor-section-height-default elementor-section-height-default\" data-id=\"331cfeb\" data-element_type=\"section\">\n\t\t\t\t\t\t<div class=\"elementor-container elementor-column-gap-default\">\n\t\t\t\t\t<div class=\"elementor-column elementor-col-33 elementor-top-column elementor-element elementor-element-5207931\" data-id=\"5207931\" data-element_type=\"column\">\n\t\t\t<div class=\"elementor-widget-wrap elementor-element-populated\">\n\t\t\t\t\t\t<div class=\"elementor-element elementor-element-d266755 elementor-widget elementor-widget-text-editor\" data-id=\"d266755\" data-element_type=\"widget\" data-widget_type=\"text-editor.default\">\n\t\t\t\t<div class=\"elementor-widget-container\">\n\t\t\t\t\t\t\t\t\t<p>Atenciosamente,\u00a0<br \/>SUM SOFTWARE.<\/p>\t\t\t\t\t\t\t\t<\/div>\n\t\t\t\t<\/div>\n\t\t\t\t\t<\/div>\n\t\t<\/div>\n\t\t\t\t<div class=\"elementor-column elementor-col-66 elementor-top-column elementor-element elementor-element-dd96117\" data-id=\"dd96117\" data-element_type=\"column\">\n\t\t\t<div class=\"elementor-widget-wrap elementor-element-populated\">\n\t\t\t\t\t\t<div class=\"elementor-element elementor-element-5ad1bc2 elementor-widget elementor-widget-text-editor\" data-id=\"5ad1bc2\" data-element_type=\"widget\" data-widget_type=\"text-editor.default\">\n\t\t\t\t<div class=\"elementor-widget-container\">\n\t\t\t\t\t\t\t\t\t<p>(35) 3266-5800<br \/>www.sum.net.br<\/p>\t\t\t\t\t\t\t\t<\/div>\n\t\t\t\t<\/div>\n\t\t\t\t\t<\/div>\n\t\t<\/div>\n\t\t\t\t\t<\/div>\n\t\t<\/section>\n\t\t\t\t<\/div>\n\t\t","protected":false},"excerpt":{"rendered":"<p>Parab\u00e9ns, cliente Voc\u00ea deu o primeiro passo para garantir o sucesso do seu neg\u00f3cio! . \u00a0\u00c9 com grande entusiasmo que escrevemos para parabeniz\u00e1-lo por sua recente conquista: a implementa\u00e7\u00e3o\u00a0 do [Nome do Novo Sistema] em sua empresa! A Sum Software foi projetada para oferecer solu\u00e7\u00f5es inteligentes e inovadoras, capacitando sua empresa a atingir novos patamares [&hellip;]<\/p>\n","protected":false},"author":1,"featured_media":0,"parent":0,"menu_order":0,"comment_status":"closed","ping_status":"closed","template":"","meta":{"jetpack_post_was_ever_published":false,"footnotes":""},"class_list":["post-2361","page","type-page","status-publish","hentry"],"yoast_head":"<!-- This site is optimized with the Yoast SEO plugin v27.2 - https:\/\/yoast.com\/product\/yoast-seo-wordpress\/ -->\n<title>PARAB\u00c9NS - Sum Software<\/title>\n<meta name=\"robots\" content=\"index, follow, max-snippet:-1, max-image-preview:large, max-video-preview:-1\" \/>\n<link rel=\"canonical\" href=\"https:\/\/www.sum.net.br\/site\/parabens\/\" \/>\n<meta property=\"og:locale\" content=\"pt_BR\" \/>\n<meta property=\"og:type\" content=\"article\" \/>\n<meta property=\"og:title\" content=\"PARAB\u00c9NS - Sum Software\" \/>\n<meta property=\"og:description\" content=\"Parab\u00e9ns, cliente Voc\u00ea deu o primeiro passo para garantir o sucesso do seu neg\u00f3cio! . \u00a0\u00c9 com grande entusiasmo que escrevemos para parabeniz\u00e1-lo por sua recente conquista: a implementa\u00e7\u00e3o\u00a0 do [Nome do Novo Sistema] em sua empresa! A Sum Software foi projetada para oferecer solu\u00e7\u00f5es inteligentes e inovadoras, capacitando sua empresa a atingir novos patamares [&hellip;]\" \/>\n<meta property=\"og:url\" content=\"https:\/\/www.sum.net.br\/site\/parabens\/\" \/>\n<meta property=\"og:site_name\" content=\"Sum Software\" \/>\n<meta property=\"article:publisher\" content=\"https:\/\/www.facebook.com\/sumsoftware\/\" \/>\n<meta property=\"article:modified_time\" content=\"2024-02-28T13:54:25+00:00\" \/>\n<meta property=\"og:image\" content=\"https:\/\/www.sum.net.br\/site\/wp-content\/uploads\/2024\/02\/avatar-819x1024.png\" \/>\n<meta name=\"twitter:card\" content=\"summary_large_image\" \/>\n<meta name=\"twitter:label1\" content=\"Est. tempo de leitura\" \/>\n\t<meta name=\"twitter:data1\" content=\"2 minutos\" \/>\n<script type=\"application\/ld+json\" class=\"yoast-schema-graph\">{\"@context\":\"https:\/\/schema.org\",\"@graph\":[{\"@type\":\"WebPage\",\"@id\":\"https:\/\/www.sum.net.br\/site\/parabens\/\",\"url\":\"https:\/\/www.sum.net.br\/site\/parabens\/\",\"name\":\"PARAB\u00c9NS - Sum Software\",\"isPartOf\":{\"@id\":\"https:\/\/www.sum.net.br\/site\/#website\"},\"primaryImageOfPage\":{\"@id\":\"https:\/\/www.sum.net.br\/site\/parabens\/#primaryimage\"},\"image\":{\"@id\":\"https:\/\/www.sum.net.br\/site\/parabens\/#primaryimage\"},\"thumbnailUrl\":\"https:\/\/www.sum.net.br\/site\/wp-content\/uploads\/2024\/02\/avatar-819x1024.png\",\"datePublished\":\"2024-02-28T13:48:20+00:00\",\"dateModified\":\"2024-02-28T13:54:25+00:00\",\"breadcrumb\":{\"@id\":\"https:\/\/www.sum.net.br\/site\/parabens\/#breadcrumb\"},\"inLanguage\":\"pt-BR\",\"potentialAction\":[{\"@type\":\"ReadAction\",\"target\":[\"https:\/\/www.sum.net.br\/site\/parabens\/\"]}]},{\"@type\":\"ImageObject\",\"inLanguage\":\"pt-BR\",\"@id\":\"https:\/\/www.sum.net.br\/site\/parabens\/#primaryimage\",\"url\":\"https:\/\/www.sum.net.br\/site\/wp-content\/uploads\/2024\/02\/avatar.png\",\"contentUrl\":\"https:\/\/www.sum.net.br\/site\/wp-content\/uploads\/2024\/02\/avatar.png\",\"width\":1080,\"height\":1350},{\"@type\":\"BreadcrumbList\",\"@id\":\"https:\/\/www.sum.net.br\/site\/parabens\/#breadcrumb\",\"itemListElement\":[{\"@type\":\"ListItem\",\"position\":1,\"name\":\"In\u00edcio\",\"item\":\"https:\/\/www.sum.net.br\/site\/\"},{\"@type\":\"ListItem\",\"position\":2,\"name\":\"PARAB\u00c9NS\"}]},{\"@type\":\"WebSite\",\"@id\":\"https:\/\/www.sum.net.br\/site\/#website\",\"url\":\"https:\/\/www.sum.net.br\/site\/\",\"name\":\"Sum Software\",\"description\":\"Empresa de Automa\u00e7\u00e3o Comercial\",\"publisher\":{\"@id\":\"https:\/\/www.sum.net.br\/site\/#organization\"},\"potentialAction\":[{\"@type\":\"SearchAction\",\"target\":{\"@type\":\"EntryPoint\",\"urlTemplate\":\"https:\/\/www.sum.net.br\/site\/?s={search_term_string}\"},\"query-input\":{\"@type\":\"PropertyValueSpecification\",\"valueRequired\":true,\"valueName\":\"search_term_string\"}}],\"inLanguage\":\"pt-BR\"},{\"@type\":\"Organization\",\"@id\":\"https:\/\/www.sum.net.br\/site\/#organization\",\"name\":\"Sum Software\",\"url\":\"https:\/\/www.sum.net.br\/site\/\",\"logo\":{\"@type\":\"ImageObject\",\"inLanguage\":\"pt-BR\",\"@id\":\"https:\/\/www.sum.net.br\/site\/#\/schema\/logo\/image\/\",\"url\":\"\",\"contentUrl\":\"\",\"caption\":\"Sum Software\"},\"image\":{\"@id\":\"https:\/\/www.sum.net.br\/site\/#\/schema\/logo\/image\/\"},\"sameAs\":[\"https:\/\/www.facebook.com\/sumsoftware\/\",\"https:\/\/www.instagram.com\/sumsoftware\/\"]}]}<\/script>\n<!-- \/ Yoast SEO plugin. -->","yoast_head_json":{"title":"PARAB\u00c9NS - Sum Software","robots":{"index":"index","follow":"follow","max-snippet":"max-snippet:-1","max-image-preview":"max-image-preview:large","max-video-preview":"max-video-preview:-1"},"canonical":"https:\/\/www.sum.net.br\/site\/parabens\/","og_locale":"pt_BR","og_type":"article","og_title":"PARAB\u00c9NS - Sum Software","og_description":"Parab\u00e9ns, cliente Voc\u00ea deu o primeiro passo para garantir o sucesso do seu neg\u00f3cio! . \u00a0\u00c9 com grande entusiasmo que escrevemos para parabeniz\u00e1-lo por sua recente conquista: a implementa\u00e7\u00e3o\u00a0 do [Nome do Novo Sistema] em sua empresa! A Sum Software foi projetada para oferecer solu\u00e7\u00f5es inteligentes e inovadoras, capacitando sua empresa a atingir novos patamares [&hellip;]","og_url":"https:\/\/www.sum.net.br\/site\/parabens\/","og_site_name":"Sum Software","article_publisher":"https:\/\/www.facebook.com\/sumsoftware\/","article_modified_time":"2024-02-28T13:54:25+00:00","og_image":[{"url":"https:\/\/www.sum.net.br\/site\/wp-content\/uploads\/2024\/02\/avatar-819x1024.png","type":"","width":"","height":""}],"twitter_card":"summary_large_image","twitter_misc":{"Est. tempo de leitura":"2 minutos"},"schema":{"@context":"https:\/\/schema.org","@graph":[{"@type":"WebPage","@id":"https:\/\/www.sum.net.br\/site\/parabens\/","url":"https:\/\/www.sum.net.br\/site\/parabens\/","name":"PARAB\u00c9NS - Sum Software","isPartOf":{"@id":"https:\/\/www.sum.net.br\/site\/#website"},"primaryImageOfPage":{"@id":"https:\/\/www.sum.net.br\/site\/parabens\/#primaryimage"},"image":{"@id":"https:\/\/www.sum.net.br\/site\/parabens\/#primaryimage"},"thumbnailUrl":"https:\/\/www.sum.net.br\/site\/wp-content\/uploads\/2024\/02\/avatar-819x1024.png","datePublished":"2024-02-28T13:48:20+00:00","dateModified":"2024-02-28T13:54:25+00:00","breadcrumb":{"@id":"https:\/\/www.sum.net.br\/site\/parabens\/#breadcrumb"},"inLanguage":"pt-BR","potentialAction":[{"@type":"ReadAction","target":["https:\/\/www.sum.net.br\/site\/parabens\/"]}]},{"@type":"ImageObject","inLanguage":"pt-BR","@id":"https:\/\/www.sum.net.br\/site\/parabens\/#primaryimage","url":"https:\/\/www.sum.net.br\/site\/wp-content\/uploads\/2024\/02\/avatar.png","contentUrl":"https:\/\/www.sum.net.br\/site\/wp-content\/uploads\/2024\/02\/avatar.png","width":1080,"height":1350},{"@type":"BreadcrumbList","@id":"https:\/\/www.sum.net.br\/site\/parabens\/#breadcrumb","itemListElement":[{"@type":"ListItem","position":1,"name":"In\u00edcio","item":"https:\/\/www.sum.net.br\/site\/"},{"@type":"ListItem","position":2,"name":"PARAB\u00c9NS"}]},{"@type":"WebSite","@id":"https:\/\/www.sum.net.br\/site\/#website","url":"https:\/\/www.sum.net.br\/site\/","name":"Sum Software","description":"Empresa de Automa\u00e7\u00e3o Comercial","publisher":{"@id":"https:\/\/www.sum.net.br\/site\/#organization"},"potentialAction":[{"@type":"SearchAction","target":{"@type":"EntryPoint","urlTemplate":"https:\/\/www.sum.net.br\/site\/?s={search_term_string}"},"query-input":{"@type":"PropertyValueSpecification","valueRequired":true,"valueName":"search_term_string"}}],"inLanguage":"pt-BR"},{"@type":"Organization","@id":"https:\/\/www.sum.net.br\/site\/#organization","name":"Sum Software","url":"https:\/\/www.sum.net.br\/site\/","logo":{"@type":"ImageObject","inLanguage":"pt-BR","@id":"https:\/\/www.sum.net.br\/site\/#\/schema\/logo\/image\/","url":"","contentUrl":"","caption":"Sum Software"},"image":{"@id":"https:\/\/www.sum.net.br\/site\/#\/schema\/logo\/image\/"},"sameAs":["https:\/\/www.facebook.com\/sumsoftware\/","https:\/\/www.instagram.com\/sumsoftware\/"]}]}},"jetpack_sharing_enabled":true,"jetpack_shortlink":"https:\/\/wp.me\/P9WA00-C5","_links":{"self":[{"href":"https:\/\/www.sum.net.br\/site\/wp-json\/wp\/v2\/pages\/2361","targetHints":{"allow":["GET"]}}],"collection":[{"href":"https:\/\/www.sum.net.br\/site\/wp-json\/wp\/v2\/pages"}],"about":[{"href":"https:\/\/www.sum.net.br\/site\/wp-json\/wp\/v2\/types\/page"}],"author":[{"embeddable":true,"href":"https:\/\/www.sum.net.br\/site\/wp-json\/wp\/v2\/users\/1"}],"replies":[{"embeddable":true,"href":"https:\/\/www.sum.net.br\/site\/wp-json\/wp\/v2\/comments?post=2361"}],"version-history":[{"count":6,"href":"https:\/\/www.sum.net.br\/site\/wp-json\/wp\/v2\/pages\/2361\/revisions"}],"predecessor-version":[{"id":2382,"href":"https:\/\/www.sum.net.br\/site\/wp-json\/wp\/v2\/pages\/2361\/revisions\/2382"}],"wp:attachment":[{"href":"https:\/\/www.sum.net.br\/site\/wp-json\/wp\/v2\/media?parent=2361"}],"curies":[{"name":"wp","href":"https:\/\/api.w.org\/{rel}","templated":true}]}}