{"id":2599,"date":"2024-06-26T09:19:00","date_gmt":"2024-06-26T12:19:00","guid":{"rendered":"https:\/\/www.sum.net.br\/site\/?page_id=2599"},"modified":"2024-06-28T13:33:38","modified_gmt":"2024-06-28T16:33:38","slug":"elementor-2599","status":"publish","type":"page","link":"https:\/\/www.sum.net.br\/site\/elementor-2599\/","title":{"rendered":"INSTAGRAM"},"content":{"rendered":"\t\t<div data-elementor-type=\"wp-page\" data-elementor-id=\"2599\" class=\"elementor elementor-2599\">\n\t\t\t\t\t\t<section class=\"elementor-section elementor-top-section elementor-element elementor-element-78539b3 elementor-section-boxed elementor-section-height-default elementor-section-height-default\" data-id=\"78539b3\" data-element_type=\"section\">\n\t\t\t\t\t\t<div class=\"elementor-container elementor-column-gap-default\">\n\t\t\t\t\t<div class=\"elementor-column elementor-col-100 elementor-top-column elementor-element elementor-element-24c2dc9\" data-id=\"24c2dc9\" data-element_type=\"column\" data-settings=\"{&quot;background_background&quot;:&quot;gradient&quot;}\">\n\t\t\t<div class=\"elementor-widget-wrap elementor-element-populated\">\n\t\t\t\t\t\t<div class=\"elementor-element elementor-element-67df987 elementor-widget elementor-widget-image\" data-id=\"67df987\" data-element_type=\"widget\" data-widget_type=\"image.default\">\n\t\t\t\t<div class=\"elementor-widget-container\">\n\t\t\t\t\t\t\t\t\t\t\t\t\t\t\t<img decoding=\"async\" width=\"150\" height=\"150\" src=\"https:\/\/www.sum.net.br\/site\/wp-content\/uploads\/2024\/06\/Design-sem-nome-89-150x150.png\" class=\"attachment-thumbnail size-thumbnail wp-image-2601\" alt=\"\" srcset=\"https:\/\/www.sum.net.br\/site\/wp-content\/uploads\/2024\/06\/Design-sem-nome-89-150x150.png 150w, https:\/\/www.sum.net.br\/site\/wp-content\/uploads\/2024\/06\/Design-sem-nome-89-300x300.png 300w, https:\/\/www.sum.net.br\/site\/wp-content\/uploads\/2024\/06\/Design-sem-nome-89-1024x1024.png 1024w, https:\/\/www.sum.net.br\/site\/wp-content\/uploads\/2024\/06\/Design-sem-nome-89-768x768.png 768w, https:\/\/www.sum.net.br\/site\/wp-content\/uploads\/2024\/06\/Design-sem-nome-89.png 1080w\" sizes=\"(max-width: 150px) 100vw, 150px\" \/>\t\t\t\t\t\t\t\t\t\t\t\t\t\t\t<\/div>\n\t\t\t\t<\/div>\n\t\t\t\t<div class=\"elementor-element elementor-element-802adf2 elementor-align-justify elementor-widget elementor-widget-button\" data-id=\"802adf2\" data-element_type=\"widget\" data-widget_type=\"button.default\">\n\t\t\t\t<div class=\"elementor-widget-container\">\n\t\t\t\t\t\t\t\t\t<div class=\"elementor-button-wrapper\">\n\t\t\t\t\t<a class=\"elementor-button elementor-button-link elementor-size-sm elementor-animation-grow\" href=\"https:\/\/www.sum.net.br\/site\/\">\n\t\t\t\t\t\t<span class=\"elementor-button-content-wrapper\">\n\t\t\t\t\t\t\t\t\t<span class=\"elementor-button-text\">Acesse nosso site<\/span>\n\t\t\t\t\t<\/span>\n\t\t\t\t\t<\/a>\n\t\t\t\t<\/div>\n\t\t\t\t\t\t\t\t<\/div>\n\t\t\t\t<\/div>\n\t\t\t\t<div class=\"elementor-element elementor-element-b43f7d2 elementor-align-justify elementor-widget elementor-widget-button\" data-id=\"b43f7d2\" data-element_type=\"widget\" data-widget_type=\"button.default\">\n\t\t\t\t<div class=\"elementor-widget-container\">\n\t\t\t\t\t\t\t\t\t<div class=\"elementor-button-wrapper\">\n\t\t\t\t\t<a class=\"elementor-button elementor-button-link elementor-size-sm elementor-animation-grow\" href=\"https:\/\/www.sum.net.br\/site\/elementor-2592\/\">\n\t\t\t\t\t\t<span class=\"elementor-button-content-wrapper\">\n\t\t\t\t\t\t\t\t\t<span class=\"elementor-button-text\">Solicite uma demonstra\u00e7\u00e3o<\/span>\n\t\t\t\t\t<\/span>\n\t\t\t\t\t<\/a>\n\t\t\t\t<\/div>\n\t\t\t\t\t\t\t\t<\/div>\n\t\t\t\t<\/div>\n\t\t\t\t<div class=\"elementor-element elementor-element-a10b4fd elementor-align-justify elementor-widget elementor-widget-button\" data-id=\"a10b4fd\" data-element_type=\"widget\" data-widget_type=\"button.default\">\n\t\t\t\t<div class=\"elementor-widget-container\">\n\t\t\t\t\t\t\t\t\t<div class=\"elementor-button-wrapper\">\n\t\t\t\t\t<a class=\"elementor-button elementor-button-link elementor-size-sm elementor-animation-grow\" href=\"https:\/\/wa.me\/message\/ELZ4EU7VW6QOA1\">\n\t\t\t\t\t\t<span class=\"elementor-button-content-wrapper\">\n\t\t\t\t\t\t\t\t\t<span class=\"elementor-button-text\">Suporte <\/span>\n\t\t\t\t\t<\/span>\n\t\t\t\t\t<\/a>\n\t\t\t\t<\/div>\n\t\t\t\t\t\t\t\t<\/div>\n\t\t\t\t<\/div>\n\t\t\t\t<div class=\"elementor-element elementor-element-5577cea elementor-align-justify elementor-widget elementor-widget-button\" data-id=\"5577cea\" data-element_type=\"widget\" data-widget_type=\"button.default\">\n\t\t\t\t<div class=\"elementor-widget-container\">\n\t\t\t\t\t\t\t\t\t<div class=\"elementor-button-wrapper\">\n\t\t\t\t\t<a class=\"elementor-button elementor-button-link elementor-size-sm elementor-animation-grow\" href=\"https:\/\/wa.me\/message\/ELZ4EU7VW6QOA1\">\n\t\t\t\t\t\t<span class=\"elementor-button-content-wrapper\">\n\t\t\t\t\t\t\t\t\t<span class=\"elementor-button-text\">Fale com um consultor<\/span>\n\t\t\t\t\t<\/span>\n\t\t\t\t\t<\/a>\n\t\t\t\t<\/div>\n\t\t\t\t\t\t\t\t<\/div>\n\t\t\t\t<\/div>\n\t\t\t\t<div class=\"elementor-element elementor-element-cc05430 elementor-align-justify elementor-widget elementor-widget-button\" data-id=\"cc05430\" data-element_type=\"widget\" data-widget_type=\"button.default\">\n\t\t\t\t<div class=\"elementor-widget-container\">\n\t\t\t\t\t\t\t\t\t<div class=\"elementor-button-wrapper\">\n\t\t\t\t\t<a class=\"elementor-button elementor-button-link elementor-size-sm elementor-animation-grow\" href=\"#\">\n\t\t\t\t\t\t<span class=\"elementor-button-content-wrapper\">\n\t\t\t\t\t\t\t\t\t<span class=\"elementor-button-text\">Fa\u00e7a parte da nossa equipe! #vemprasum<\/span>\n\t\t\t\t\t<\/span>\n\t\t\t\t\t<\/a>\n\t\t\t\t<\/div>\n\t\t\t\t\t\t\t\t<\/div>\n\t\t\t\t<\/div>\n\t\t\t\t<div class=\"elementor-element elementor-element-6d96cc9 elementor-align-justify elementor-widget elementor-widget-button\" data-id=\"6d96cc9\" data-element_type=\"widget\" data-widget_type=\"button.default\">\n\t\t\t\t<div class=\"elementor-widget-container\">\n\t\t\t\t\t\t\t\t\t<div class=\"elementor-button-wrapper\">\n\t\t\t\t\t<a class=\"elementor-button elementor-button-link elementor-size-sm elementor-animation-grow\" href=\"#\">\n\t\t\t\t\t\t<span class=\"elementor-button-content-wrapper\">\n\t\t\t\t\t\t\t\t\t<span class=\"elementor-button-text\">Quero ser um distribuidor<\/span>\n\t\t\t\t\t<\/span>\n\t\t\t\t\t<\/a>\n\t\t\t\t<\/div>\n\t\t\t\t\t\t\t\t<\/div>\n\t\t\t\t<\/div>\n\t\t\t\t<div class=\"elementor-element elementor-element-b34449f elementor-align-justify elementor-widget elementor-widget-button\" data-id=\"b34449f\" data-element_type=\"widget\" data-widget_type=\"button.default\">\n\t\t\t\t<div class=\"elementor-widget-container\">\n\t\t\t\t\t\t\t\t\t<div class=\"elementor-button-wrapper\">\n\t\t\t\t\t<a class=\"elementor-button elementor-button-link elementor-size-sm elementor-animation-grow\" href=\"#\">\n\t\t\t\t\t\t<span class=\"elementor-button-content-wrapper\">\n\t\t\t\t\t\t\t\t\t<span class=\"elementor-button-text\">ERP para Supermercados<\/span>\n\t\t\t\t\t<\/span>\n\t\t\t\t\t<\/a>\n\t\t\t\t<\/div>\n\t\t\t\t\t\t\t\t<\/div>\n\t\t\t\t<\/div>\n\t\t\t\t<div class=\"elementor-element elementor-element-cdc17ca elementor-align-justify elementor-widget elementor-widget-button\" data-id=\"cdc17ca\" data-element_type=\"widget\" data-widget_type=\"button.default\">\n\t\t\t\t<div class=\"elementor-widget-container\">\n\t\t\t\t\t\t\t\t\t<div class=\"elementor-button-wrapper\">\n\t\t\t\t\t<a class=\"elementor-button elementor-button-link elementor-size-sm elementor-animation-grow\" href=\"#\">\n\t\t\t\t\t\t<span class=\"elementor-button-content-wrapper\">\n\t\t\t\t\t\t\t\t\t<span class=\"elementor-button-text\">ERP para Varejo<\/span>\n\t\t\t\t\t<\/span>\n\t\t\t\t\t<\/a>\n\t\t\t\t<\/div>\n\t\t\t\t\t\t\t\t<\/div>\n\t\t\t\t<\/div>\n\t\t\t\t<div class=\"elementor-element elementor-element-34ae946 elementor-align-justify elementor-widget elementor-widget-button\" data-id=\"34ae946\" data-element_type=\"widget\" data-widget_type=\"button.default\">\n\t\t\t\t<div class=\"elementor-widget-container\">\n\t\t\t\t\t\t\t\t\t<div class=\"elementor-button-wrapper\">\n\t\t\t\t\t<a class=\"elementor-button elementor-button-link elementor-size-sm elementor-animation-grow\" href=\"#\">\n\t\t\t\t\t\t<span class=\"elementor-button-content-wrapper\">\n\t\t\t\t\t\t\t\t\t<span class=\"elementor-button-text\">ERP para Moda e Beleza<\/span>\n\t\t\t\t\t<\/span>\n\t\t\t\t\t<\/a>\n\t\t\t\t<\/div>\n\t\t\t\t\t\t\t\t<\/div>\n\t\t\t\t<\/div>\n\t\t\t\t<div class=\"elementor-element elementor-element-3ba45c7 elementor-align-justify elementor-widget elementor-widget-button\" data-id=\"3ba45c7\" data-element_type=\"widget\" data-widget_type=\"button.default\">\n\t\t\t\t<div class=\"elementor-widget-container\">\n\t\t\t\t\t\t\t\t\t<div class=\"elementor-button-wrapper\">\n\t\t\t\t\t<a class=\"elementor-button elementor-button-link elementor-size-sm elementor-animation-grow\" href=\"#\">\n\t\t\t\t\t\t<span class=\"elementor-button-content-wrapper\">\n\t\t\t\t\t\t\t\t\t<span class=\"elementor-button-text\">ERP para Casa de Material de Constru\u00e7\u00e3o<\/span>\n\t\t\t\t\t<\/span>\n\t\t\t\t\t<\/a>\n\t\t\t\t<\/div>\n\t\t\t\t\t\t\t\t<\/div>\n\t\t\t\t<\/div>\n\t\t\t\t<div class=\"elementor-element elementor-element-7857ca8 elementor-align-justify elementor-widget elementor-widget-button\" data-id=\"7857ca8\" data-element_type=\"widget\" data-widget_type=\"button.default\">\n\t\t\t\t<div class=\"elementor-widget-container\">\n\t\t\t\t\t\t\t\t\t<div class=\"elementor-button-wrapper\">\n\t\t\t\t\t<a class=\"elementor-button elementor-button-link elementor-size-sm elementor-animation-grow\" href=\"#\">\n\t\t\t\t\t\t<span class=\"elementor-button-content-wrapper\">\n\t\t\t\t\t\t\t\t\t<span class=\"elementor-button-text\">ERP para Casa de Carnes <\/span>\n\t\t\t\t\t<\/span>\n\t\t\t\t\t<\/a>\n\t\t\t\t<\/div>\n\t\t\t\t\t\t\t\t<\/div>\n\t\t\t\t<\/div>\n\t\t\t\t<div class=\"elementor-element elementor-element-e9c6efb elementor-align-justify elementor-widget elementor-widget-button\" data-id=\"e9c6efb\" data-element_type=\"widget\" data-widget_type=\"button.default\">\n\t\t\t\t<div class=\"elementor-widget-container\">\n\t\t\t\t\t\t\t\t\t<div class=\"elementor-button-wrapper\">\n\t\t\t\t\t<a class=\"elementor-button elementor-button-link elementor-size-sm elementor-animation-grow\" href=\"#\">\n\t\t\t\t\t\t<span class=\"elementor-button-content-wrapper\">\n\t\t\t\t\t\t\t\t\t<span class=\"elementor-button-text\">ERP para Loja de Conveni\u00eancia<\/span>\n\t\t\t\t\t<\/span>\n\t\t\t\t\t<\/a>\n\t\t\t\t<\/div>\n\t\t\t\t\t\t\t\t<\/div>\n\t\t\t\t<\/div>\n\t\t\t\t<div class=\"elementor-element elementor-element-427f193 elementor-align-justify elementor-widget elementor-widget-button\" data-id=\"427f193\" data-element_type=\"widget\" data-widget_type=\"button.default\">\n\t\t\t\t<div class=\"elementor-widget-container\">\n\t\t\t\t\t\t\t\t\t<div class=\"elementor-button-wrapper\">\n\t\t\t\t\t<a class=\"elementor-button elementor-button-link elementor-size-sm elementor-animation-grow\" href=\"#\">\n\t\t\t\t\t\t<span class=\"elementor-button-content-wrapper\">\n\t\t\t\t\t\t\t\t\t<span class=\"elementor-button-text\">ERP para Autope\u00e7as<\/span>\n\t\t\t\t\t<\/span>\n\t\t\t\t\t<\/a>\n\t\t\t\t<\/div>\n\t\t\t\t\t\t\t\t<\/div>\n\t\t\t\t<\/div>\n\t\t\t\t<div class=\"elementor-element elementor-element-9eaeafc elementor-align-justify elementor-widget elementor-widget-button\" data-id=\"9eaeafc\" data-element_type=\"widget\" data-widget_type=\"button.default\">\n\t\t\t\t<div class=\"elementor-widget-container\">\n\t\t\t\t\t\t\t\t\t<div class=\"elementor-button-wrapper\">\n\t\t\t\t\t<a class=\"elementor-button elementor-button-link elementor-size-sm elementor-animation-grow\" href=\"#\">\n\t\t\t\t\t\t<span class=\"elementor-button-content-wrapper\">\n\t\t\t\t\t\t\t\t\t<span class=\"elementor-button-text\">ERP para Hortifruti e Sacol\u00e3o<\/span>\n\t\t\t\t\t<\/span>\n\t\t\t\t\t<\/a>\n\t\t\t\t<\/div>\n\t\t\t\t\t\t\t\t<\/div>\n\t\t\t\t<\/div>\n\t\t\t\t<div class=\"elementor-element elementor-element-d5f46a8 elementor-align-justify elementor-widget elementor-widget-button\" data-id=\"d5f46a8\" data-element_type=\"widget\" data-widget_type=\"button.default\">\n\t\t\t\t<div class=\"elementor-widget-container\">\n\t\t\t\t\t\t\t\t\t<div class=\"elementor-button-wrapper\">\n\t\t\t\t\t<a class=\"elementor-button elementor-button-link elementor-size-sm elementor-animation-grow\" href=\"#\">\n\t\t\t\t\t\t<span class=\"elementor-button-content-wrapper\">\n\t\t\t\t\t\t\t\t\t<span class=\"elementor-button-text\">ERP para pequenas ind\u00fastrias<\/span>\n\t\t\t\t\t<\/span>\n\t\t\t\t\t<\/a>\n\t\t\t\t<\/div>\n\t\t\t\t\t\t\t\t<\/div>\n\t\t\t\t<\/div>\n\t\t\t\t\t<\/div>\n\t\t<\/div>\n\t\t\t\t\t<\/div>\n\t\t<\/section>\n\t\t\t\t<\/div>\n\t\t","protected":false},"excerpt":{"rendered":"<p>Acesse nosso site Solicite uma demonstra\u00e7\u00e3o Suporte Fale com um consultor Fa\u00e7a parte da nossa equipe! #vemprasum Quero ser um distribuidor ERP para Supermercados ERP para Varejo ERP para Moda e Beleza ERP para Casa de Material de Constru\u00e7\u00e3o ERP para Casa de Carnes ERP para Loja de Conveni\u00eancia ERP para Autope\u00e7as ERP para Hortifruti [&hellip;]<\/p>\n","protected":false},"author":1,"featured_media":0,"parent":0,"menu_order":0,"comment_status":"closed","ping_status":"closed","template":"elementor_canvas","meta":{"jetpack_post_was_ever_published":false,"footnotes":""},"class_list":["post-2599","page","type-page","status-publish","hentry"],"yoast_head":"<!-- This site is optimized with the Yoast SEO plugin v27.2 - https:\/\/yoast.com\/product\/yoast-seo-wordpress\/ -->\n<title>INSTAGRAM - Sum Software<\/title>\n<meta name=\"robots\" content=\"index, follow, max-snippet:-1, max-image-preview:large, max-video-preview:-1\" \/>\n<link rel=\"canonical\" href=\"https:\/\/www.sum.net.br\/site\/elementor-2599\/\" \/>\n<meta property=\"og:locale\" content=\"pt_BR\" \/>\n<meta property=\"og:type\" content=\"article\" \/>\n<meta property=\"og:title\" content=\"INSTAGRAM - Sum Software\" \/>\n<meta property=\"og:description\" content=\"Acesse nosso site Solicite uma demonstra\u00e7\u00e3o Suporte Fale com um consultor Fa\u00e7a parte da nossa equipe! #vemprasum Quero ser um distribuidor ERP para Supermercados ERP para Varejo ERP para Moda e Beleza ERP para Casa de Material de Constru\u00e7\u00e3o ERP para Casa de Carnes ERP para Loja de Conveni\u00eancia ERP para Autope\u00e7as ERP para Hortifruti [&hellip;]\" \/>\n<meta property=\"og:url\" content=\"https:\/\/www.sum.net.br\/site\/elementor-2599\/\" \/>\n<meta property=\"og:site_name\" content=\"Sum Software\" \/>\n<meta property=\"article:publisher\" content=\"https:\/\/www.facebook.com\/sumsoftware\/\" \/>\n<meta property=\"article:modified_time\" content=\"2024-06-28T16:33:38+00:00\" \/>\n<meta property=\"og:image\" content=\"https:\/\/www.sum.net.br\/site\/wp-content\/uploads\/2024\/06\/Design-sem-nome-89-150x150.png\" \/>\n<meta name=\"twitter:card\" content=\"summary_large_image\" \/>\n<meta name=\"twitter:label1\" content=\"Est. tempo de leitura\" \/>\n\t<meta name=\"twitter:data1\" content=\"1 minuto\" \/>\n<script type=\"application\/ld+json\" class=\"yoast-schema-graph\">{\"@context\":\"https:\/\/schema.org\",\"@graph\":[{\"@type\":\"WebPage\",\"@id\":\"https:\/\/www.sum.net.br\/site\/elementor-2599\/\",\"url\":\"https:\/\/www.sum.net.br\/site\/elementor-2599\/\",\"name\":\"INSTAGRAM - Sum Software\",\"isPartOf\":{\"@id\":\"https:\/\/www.sum.net.br\/site\/#website\"},\"primaryImageOfPage\":{\"@id\":\"https:\/\/www.sum.net.br\/site\/elementor-2599\/#primaryimage\"},\"image\":{\"@id\":\"https:\/\/www.sum.net.br\/site\/elementor-2599\/#primaryimage\"},\"thumbnailUrl\":\"https:\/\/www.sum.net.br\/site\/wp-content\/uploads\/2024\/06\/Design-sem-nome-89-150x150.png\",\"datePublished\":\"2024-06-26T12:19:00+00:00\",\"dateModified\":\"2024-06-28T16:33:38+00:00\",\"breadcrumb\":{\"@id\":\"https:\/\/www.sum.net.br\/site\/elementor-2599\/#breadcrumb\"},\"inLanguage\":\"pt-BR\",\"potentialAction\":[{\"@type\":\"ReadAction\",\"target\":[\"https:\/\/www.sum.net.br\/site\/elementor-2599\/\"]}]},{\"@type\":\"ImageObject\",\"inLanguage\":\"pt-BR\",\"@id\":\"https:\/\/www.sum.net.br\/site\/elementor-2599\/#primaryimage\",\"url\":\"https:\/\/www.sum.net.br\/site\/wp-content\/uploads\/2024\/06\/Design-sem-nome-89.png\",\"contentUrl\":\"https:\/\/www.sum.net.br\/site\/wp-content\/uploads\/2024\/06\/Design-sem-nome-89.png\",\"width\":1080,\"height\":1080},{\"@type\":\"BreadcrumbList\",\"@id\":\"https:\/\/www.sum.net.br\/site\/elementor-2599\/#breadcrumb\",\"itemListElement\":[{\"@type\":\"ListItem\",\"position\":1,\"name\":\"In\u00edcio\",\"item\":\"https:\/\/www.sum.net.br\/site\/\"},{\"@type\":\"ListItem\",\"position\":2,\"name\":\"INSTAGRAM\"}]},{\"@type\":\"WebSite\",\"@id\":\"https:\/\/www.sum.net.br\/site\/#website\",\"url\":\"https:\/\/www.sum.net.br\/site\/\",\"name\":\"Sum Software\",\"description\":\"Empresa de Automa\u00e7\u00e3o Comercial\",\"publisher\":{\"@id\":\"https:\/\/www.sum.net.br\/site\/#organization\"},\"potentialAction\":[{\"@type\":\"SearchAction\",\"target\":{\"@type\":\"EntryPoint\",\"urlTemplate\":\"https:\/\/www.sum.net.br\/site\/?s={search_term_string}\"},\"query-input\":{\"@type\":\"PropertyValueSpecification\",\"valueRequired\":true,\"valueName\":\"search_term_string\"}}],\"inLanguage\":\"pt-BR\"},{\"@type\":\"Organization\",\"@id\":\"https:\/\/www.sum.net.br\/site\/#organization\",\"name\":\"Sum Software\",\"url\":\"https:\/\/www.sum.net.br\/site\/\",\"logo\":{\"@type\":\"ImageObject\",\"inLanguage\":\"pt-BR\",\"@id\":\"https:\/\/www.sum.net.br\/site\/#\/schema\/logo\/image\/\",\"url\":\"\",\"contentUrl\":\"\",\"caption\":\"Sum Software\"},\"image\":{\"@id\":\"https:\/\/www.sum.net.br\/site\/#\/schema\/logo\/image\/\"},\"sameAs\":[\"https:\/\/www.facebook.com\/sumsoftware\/\",\"https:\/\/www.instagram.com\/sumsoftware\/\"]}]}<\/script>\n<!-- \/ Yoast SEO plugin. -->","yoast_head_json":{"title":"INSTAGRAM - Sum Software","robots":{"index":"index","follow":"follow","max-snippet":"max-snippet:-1","max-image-preview":"max-image-preview:large","max-video-preview":"max-video-preview:-1"},"canonical":"https:\/\/www.sum.net.br\/site\/elementor-2599\/","og_locale":"pt_BR","og_type":"article","og_title":"INSTAGRAM - Sum Software","og_description":"Acesse nosso site Solicite uma demonstra\u00e7\u00e3o Suporte Fale com um consultor Fa\u00e7a parte da nossa equipe! #vemprasum Quero ser um distribuidor ERP para Supermercados ERP para Varejo ERP para Moda e Beleza ERP para Casa de Material de Constru\u00e7\u00e3o ERP para Casa de Carnes ERP para Loja de Conveni\u00eancia ERP para Autope\u00e7as ERP para Hortifruti [&hellip;]","og_url":"https:\/\/www.sum.net.br\/site\/elementor-2599\/","og_site_name":"Sum Software","article_publisher":"https:\/\/www.facebook.com\/sumsoftware\/","article_modified_time":"2024-06-28T16:33:38+00:00","og_image":[{"url":"https:\/\/www.sum.net.br\/site\/wp-content\/uploads\/2024\/06\/Design-sem-nome-89-150x150.png","type":"","width":"","height":""}],"twitter_card":"summary_large_image","twitter_misc":{"Est. tempo de leitura":"1 minuto"},"schema":{"@context":"https:\/\/schema.org","@graph":[{"@type":"WebPage","@id":"https:\/\/www.sum.net.br\/site\/elementor-2599\/","url":"https:\/\/www.sum.net.br\/site\/elementor-2599\/","name":"INSTAGRAM - Sum Software","isPartOf":{"@id":"https:\/\/www.sum.net.br\/site\/#website"},"primaryImageOfPage":{"@id":"https:\/\/www.sum.net.br\/site\/elementor-2599\/#primaryimage"},"image":{"@id":"https:\/\/www.sum.net.br\/site\/elementor-2599\/#primaryimage"},"thumbnailUrl":"https:\/\/www.sum.net.br\/site\/wp-content\/uploads\/2024\/06\/Design-sem-nome-89-150x150.png","datePublished":"2024-06-26T12:19:00+00:00","dateModified":"2024-06-28T16:33:38+00:00","breadcrumb":{"@id":"https:\/\/www.sum.net.br\/site\/elementor-2599\/#breadcrumb"},"inLanguage":"pt-BR","potentialAction":[{"@type":"ReadAction","target":["https:\/\/www.sum.net.br\/site\/elementor-2599\/"]}]},{"@type":"ImageObject","inLanguage":"pt-BR","@id":"https:\/\/www.sum.net.br\/site\/elementor-2599\/#primaryimage","url":"https:\/\/www.sum.net.br\/site\/wp-content\/uploads\/2024\/06\/Design-sem-nome-89.png","contentUrl":"https:\/\/www.sum.net.br\/site\/wp-content\/uploads\/2024\/06\/Design-sem-nome-89.png","width":1080,"height":1080},{"@type":"BreadcrumbList","@id":"https:\/\/www.sum.net.br\/site\/elementor-2599\/#breadcrumb","itemListElement":[{"@type":"ListItem","position":1,"name":"In\u00edcio","item":"https:\/\/www.sum.net.br\/site\/"},{"@type":"ListItem","position":2,"name":"INSTAGRAM"}]},{"@type":"WebSite","@id":"https:\/\/www.sum.net.br\/site\/#website","url":"https:\/\/www.sum.net.br\/site\/","name":"Sum Software","description":"Empresa de Automa\u00e7\u00e3o Comercial","publisher":{"@id":"https:\/\/www.sum.net.br\/site\/#organization"},"potentialAction":[{"@type":"SearchAction","target":{"@type":"EntryPoint","urlTemplate":"https:\/\/www.sum.net.br\/site\/?s={search_term_string}"},"query-input":{"@type":"PropertyValueSpecification","valueRequired":true,"valueName":"search_term_string"}}],"inLanguage":"pt-BR"},{"@type":"Organization","@id":"https:\/\/www.sum.net.br\/site\/#organization","name":"Sum Software","url":"https:\/\/www.sum.net.br\/site\/","logo":{"@type":"ImageObject","inLanguage":"pt-BR","@id":"https:\/\/www.sum.net.br\/site\/#\/schema\/logo\/image\/","url":"","contentUrl":"","caption":"Sum Software"},"image":{"@id":"https:\/\/www.sum.net.br\/site\/#\/schema\/logo\/image\/"},"sameAs":["https:\/\/www.facebook.com\/sumsoftware\/","https:\/\/www.instagram.com\/sumsoftware\/"]}]}},"jetpack_sharing_enabled":true,"jetpack_shortlink":"https:\/\/wp.me\/P9WA00-FV","_links":{"self":[{"href":"https:\/\/www.sum.net.br\/site\/wp-json\/wp\/v2\/pages\/2599","targetHints":{"allow":["GET"]}}],"collection":[{"href":"https:\/\/www.sum.net.br\/site\/wp-json\/wp\/v2\/pages"}],"about":[{"href":"https:\/\/www.sum.net.br\/site\/wp-json\/wp\/v2\/types\/page"}],"author":[{"embeddable":true,"href":"https:\/\/www.sum.net.br\/site\/wp-json\/wp\/v2\/users\/1"}],"replies":[{"embeddable":true,"href":"https:\/\/www.sum.net.br\/site\/wp-json\/wp\/v2\/comments?post=2599"}],"version-history":[{"count":27,"href":"https:\/\/www.sum.net.br\/site\/wp-json\/wp\/v2\/pages\/2599\/revisions"}],"predecessor-version":[{"id":2634,"href":"https:\/\/www.sum.net.br\/site\/wp-json\/wp\/v2\/pages\/2599\/revisions\/2634"}],"wp:attachment":[{"href":"https:\/\/www.sum.net.br\/site\/wp-json\/wp\/v2\/media?parent=2599"}],"curies":[{"name":"wp","href":"https:\/\/api.w.org\/{rel}","templated":true}]}}